{"id":1077,"date":"2019-07-24T00:44:29","date_gmt":"2019-07-24T06:44:29","guid":{"rendered":"https:\/\/inversionesfenix.com.sv\/ecoterra-maquilishuat\/\/?page_id=1077"},"modified":"2024-10-04T13:18:20","modified_gmt":"2024-10-04T19:18:20","slug":"modelo-maquilishuat","status":"publish","type":"page","link":"https:\/\/inversionesfenix.com.sv\/ecoterra-maquilishuat\/modelo-maquilishuat\/","title":{"rendered":"Modelo Maquilishuat"},"content":{"rendered":"\t\t<div data-elementor-type=\"wp-page\" data-elementor-id=\"1077\" class=\"elementor elementor-1077\">\n\t\t\t\t<div class=\"elementor-element elementor-element-9921081 e-con-full e-flex e-con e-parent\" data-id=\"9921081\" data-element_type=\"container\" data-e-type=\"container\">\n\t\t\t\t<div class=\"elementor-element elementor-element-6e1abf8 elementor-widget elementor-widget-image\" data-id=\"6e1abf8\" data-element_type=\"widget\" data-e-type=\"widget\" data-widget_type=\"image.default\">\n\t\t\t\t<div class=\"elementor-widget-container\">\n\t\t\t\t\t\t\t\t\t\t\t\t\t\t\t<img fetchpriority=\"high\" decoding=\"async\" width=\"1920\" height=\"661\" src=\"https:\/\/i0.wp.com\/inversionesfenix.com.sv\/ecoterra-maquilishuat\/wp-content\/uploads\/2024\/07\/Slider1_Maquilishuat.jpg?fit=1920%2C661&amp;ssl=1\" class=\"attachment-full size-full wp-image-1622\" alt=\"\" srcset=\"https:\/\/i0.wp.com\/inversionesfenix.com.sv\/ecoterra-maquilishuat\/wp-content\/uploads\/2024\/07\/Slider1_Maquilishuat.jpg?w=1920&amp;ssl=1 1920w, https:\/\/i0.wp.com\/inversionesfenix.com.sv\/ecoterra-maquilishuat\/wp-content\/uploads\/2024\/07\/Slider1_Maquilishuat.jpg?resize=300%2C103&amp;ssl=1 300w, https:\/\/i0.wp.com\/inversionesfenix.com.sv\/ecoterra-maquilishuat\/wp-content\/uploads\/2024\/07\/Slider1_Maquilishuat.jpg?resize=1024%2C353&amp;ssl=1 1024w, https:\/\/i0.wp.com\/inversionesfenix.com.sv\/ecoterra-maquilishuat\/wp-content\/uploads\/2024\/07\/Slider1_Maquilishuat.jpg?resize=768%2C264&amp;ssl=1 768w, https:\/\/i0.wp.com\/inversionesfenix.com.sv\/ecoterra-maquilishuat\/wp-content\/uploads\/2024\/07\/Slider1_Maquilishuat.jpg?resize=1536%2C529&amp;ssl=1 1536w\" sizes=\"(max-width: 1100px) 100vw, 1100px\" \/>\t\t\t\t\t\t\t\t\t\t\t\t\t\t\t<\/div>\n\t\t\t\t<\/div>\n\t\t\t\t<\/div>\n\t\t<div class=\"elementor-element elementor-element-b720c7f e-con-full e-flex e-con e-parent\" data-id=\"b720c7f\" data-element_type=\"container\" data-e-type=\"container\" data-settings=\"{&quot;background_background&quot;:&quot;classic&quot;}\">\n\t\t\t\t<div class=\"elementor-element elementor-element-8fa282b elementor-widget elementor-widget-heading\" data-id=\"8fa282b\" data-element_type=\"widget\" data-e-type=\"widget\" data-widget_type=\"heading.default\">\n\t\t\t\t<div class=\"elementor-widget-container\">\n\t\t\t\t\t<h2 class=\"elementor-heading-title elementor-size-default\">Planta Arquitectonica<\/h2>\t\t\t\t<\/div>\n\t\t\t\t<\/div>\n\t\t\t\t<\/div>\n\t\t<div class=\"elementor-element elementor-element-a89e25c e-con-full e-flex e-con e-parent\" data-id=\"a89e25c\" data-element_type=\"container\" data-e-type=\"container\">\n\t\t<div class=\"elementor-element elementor-element-8b363ec e-con-full e-flex e-con e-child\" data-id=\"8b363ec\" data-element_type=\"container\" data-e-type=\"container\" data-settings=\"{&quot;background_background&quot;:&quot;classic&quot;}\">\n\t\t\t\t<div class=\"elementor-element elementor-element-6d99424 elementor-widget elementor-widget-text-editor\" data-id=\"6d99424\" data-element_type=\"widget\" data-e-type=\"widget\" data-widget_type=\"text-editor.default\">\n\t\t\t\t<div class=\"elementor-widget-container\">\n\t\t\t\t\t\t\t\t\t<p class=\"LC20lb MBeuO DKV0Md\">\u00c1rea de terreno <br \/>desde 33.80 m2<\/p><p class=\"LC20lb MBeuO DKV0Md\">\u00c1rea de construcci\u00f3n<br \/>114.00 m2<\/p>\t\t\t\t\t\t\t\t<\/div>\n\t\t\t\t<\/div>\n\t\t\t\t<\/div>\n\t\t\t\t<div class=\"elementor-element elementor-element-dc40189 elementor-widget elementor-widget-image\" data-id=\"dc40189\" data-element_type=\"widget\" data-e-type=\"widget\" data-widget_type=\"image.default\">\n\t\t\t\t<div class=\"elementor-widget-container\">\n\t\t\t\t\t\t\t\t\t\t\t\t\t\t\t<img decoding=\"async\" width=\"1024\" height=\"576\" src=\"https:\/\/i0.wp.com\/inversionesfenix.com.sv\/ecoterra-maquilishuat\/wp-content\/uploads\/2024\/07\/Planta1_Maquilishuat.jpg?fit=1024%2C576&amp;ssl=1\" class=\"attachment-large size-large wp-image-1626\" alt=\"\" srcset=\"https:\/\/i0.wp.com\/inversionesfenix.com.sv\/ecoterra-maquilishuat\/wp-content\/uploads\/2024\/07\/Planta1_Maquilishuat.jpg?w=1232&amp;ssl=1 1232w, https:\/\/i0.wp.com\/inversionesfenix.com.sv\/ecoterra-maquilishuat\/wp-content\/uploads\/2024\/07\/Planta1_Maquilishuat.jpg?resize=300%2C169&amp;ssl=1 300w, https:\/\/i0.wp.com\/inversionesfenix.com.sv\/ecoterra-maquilishuat\/wp-content\/uploads\/2024\/07\/Planta1_Maquilishuat.jpg?resize=1024%2C576&amp;ssl=1 1024w, https:\/\/i0.wp.com\/inversionesfenix.com.sv\/ecoterra-maquilishuat\/wp-content\/uploads\/2024\/07\/Planta1_Maquilishuat.jpg?resize=768%2C432&amp;ssl=1 768w\" sizes=\"(max-width: 1024px) 100vw, 1024px\" \/>\t\t\t\t\t\t\t\t\t\t\t\t\t\t\t<\/div>\n\t\t\t\t<\/div>\n\t\t\t\t<\/div>\n\t\t<div class=\"elementor-element elementor-element-e1ac3b5 e-con-full e-flex e-con e-parent\" data-id=\"e1ac3b5\" data-element_type=\"container\" data-e-type=\"container\" data-settings=\"{&quot;background_background&quot;:&quot;classic&quot;}\">\n\t\t\t\t<div class=\"elementor-element elementor-element-1ec7c9c elementor-widget elementor-widget-heading\" data-id=\"1ec7c9c\" data-element_type=\"widget\" data-e-type=\"widget\" data-widget_type=\"heading.default\">\n\t\t\t\t<div class=\"elementor-widget-container\">\n\t\t\t\t\t<h2 class=\"elementor-heading-title elementor-size-default\">Caracter\u00edsticas<\/h2>\t\t\t\t<\/div>\n\t\t\t\t<\/div>\n\t\t\t\t<\/div>\n\t\t<div class=\"elementor-element elementor-element-376f48f e-con-full e-flex e-con e-parent\" data-id=\"376f48f\" data-element_type=\"container\" data-e-type=\"container\" data-settings=\"{&quot;background_background&quot;:&quot;classic&quot;}\">\n\t\t\t\t<\/div>\n\t\t<div class=\"elementor-element elementor-element-1db7278 e-con-full e-flex e-con e-parent\" data-id=\"1db7278\" data-element_type=\"container\" data-e-type=\"container\">\n\t\t<div class=\"elementor-element elementor-element-c76770b e-con-full e-flex e-con e-child\" data-id=\"c76770b\" data-element_type=\"container\" data-e-type=\"container\" data-settings=\"{&quot;background_background&quot;:&quot;classic&quot;}\">\n\t\t\t\t<div class=\"elementor-element elementor-element-bae786c elementor-widget elementor-widget-text-editor\" data-id=\"bae786c\" data-element_type=\"widget\" data-e-type=\"widget\" data-widget_type=\"text-editor.default\">\n\t\t\t\t<div class=\"elementor-widget-container\">\n\t\t\t\t\t\t\t\t\t<ul><li>Modelo de vivienda de 1 nivel<\/li><li>Sala multifuncional<\/li><li>Comedor<\/li><li>Cocina<\/li><li>Amplia habitaci\u00f3n\u00a0principal<\/li><li>Habitaci\u00f3n junior<\/li><li>Cochera para 2 Veh\u00edculos\u00a0<\/li><li>Ba\u00f1o social &#8211; Familiar<\/li><\/ul>\t\t\t\t\t\t\t\t<\/div>\n\t\t\t\t<\/div>\n\t\t\t\t<\/div>\n\t\t<div class=\"elementor-element elementor-element-79b0f40 e-con-full e-flex e-con e-child\" data-id=\"79b0f40\" data-element_type=\"container\" data-e-type=\"container\">\n\t\t\t\t<\/div>\n\t\t\t\t<div class=\"elementor-element elementor-element-9e7fd2b elementor-widget elementor-widget-image\" data-id=\"9e7fd2b\" data-element_type=\"widget\" data-e-type=\"widget\" data-widget_type=\"image.default\">\n\t\t\t\t<div class=\"elementor-widget-container\">\n\t\t\t\t\t\t\t\t\t\t\t\t\t\t\t<img decoding=\"async\" width=\"964\" height=\"643\" src=\"https:\/\/i0.wp.com\/inversionesfenix.com.sv\/ecoterra-maquilishuat\/wp-content\/uploads\/2024\/07\/Foto1_Maquilishuat.jpg?fit=964%2C643&amp;ssl=1\" class=\"attachment-large size-large wp-image-1633\" alt=\"\" srcset=\"https:\/\/i0.wp.com\/inversionesfenix.com.sv\/ecoterra-maquilishuat\/wp-content\/uploads\/2024\/07\/Foto1_Maquilishuat.jpg?w=964&amp;ssl=1 964w, https:\/\/i0.wp.com\/inversionesfenix.com.sv\/ecoterra-maquilishuat\/wp-content\/uploads\/2024\/07\/Foto1_Maquilishuat.jpg?resize=300%2C200&amp;ssl=1 300w, https:\/\/i0.wp.com\/inversionesfenix.com.sv\/ecoterra-maquilishuat\/wp-content\/uploads\/2024\/07\/Foto1_Maquilishuat.jpg?resize=768%2C512&amp;ssl=1 768w\" sizes=\"(max-width: 964px) 100vw, 964px\" \/>\t\t\t\t\t\t\t\t\t\t\t\t\t\t\t<\/div>\n\t\t\t\t<\/div>\n\t\t\t\t<\/div>\n\t\t<div class=\"elementor-element elementor-element-79ec140 e-flex e-con-boxed e-con e-parent\" data-id=\"79ec140\" data-element_type=\"container\" data-e-type=\"container\" data-settings=\"{&quot;background_background&quot;:&quot;classic&quot;}\">\n\t\t\t\t\t<div class=\"e-con-inner\">\n\t\t\t\t<div class=\"elementor-element elementor-element-43a686d elementor-widget elementor-widget-text-editor\" data-id=\"43a686d\" data-element_type=\"widget\" data-e-type=\"widget\" data-widget_type=\"text-editor.default\">\n\t\t\t\t<div class=\"elementor-widget-container\">\n\t\t\t\t\t\t\t\t\t<p>Arquitectura contemporanea en fachada<br \/>Cochera revestida con tecnolog\u00eda bicapa en adoqu\u00edn<br \/>Perfiler\u00eda\u00a0importada en ventanas de PVC en toda la vivienda<br \/>Puerta de vidrio hacia el jard\u00edn<br \/>Cielo falso importado<\/p>\t\t\t\t\t\t\t\t<\/div>\n\t\t\t\t<\/div>\n\t\t\t\t\t<\/div>\n\t\t\t\t<\/div>\n\t\t\t\t<\/div>\n\t\t","protected":false},"excerpt":{"rendered":"<p>Planta Arquitectonica \u00c1rea de terreno desde 33.80 m2 \u00c1rea de construcci\u00f3n114.00 m2 Caracter\u00edsticas Modelo de vivienda de 1 nivel Sala multifuncional Comedor Cocina Amplia habitaci\u00f3n\u00a0principal Habitaci\u00f3n junior Cochera para 2&hellip;<\/p>\n","protected":false},"author":1,"featured_media":0,"parent":0,"menu_order":0,"comment_status":"closed","ping_status":"closed","template":"elementor_header_footer","meta":{"nf_dc_page":"","_joinchat":[],"footnotes":""},"class_list":["post-1077","page","type-page","status-publish","hentry"],"yoast_head":"<!-- This site is optimized with the Yoast SEO plugin v27.4 - https:\/\/yoast.com\/product\/yoast-seo-wordpress\/ -->\n<title>Modelo Maquilishuat - Ecoterra Maquilishuat<\/title>\n<meta name=\"robots\" content=\"index, follow, max-snippet:-1, max-image-preview:large, max-video-preview:-1\" \/>\n<link rel=\"canonical\" href=\"https:\/\/inversionesfenix.com.sv\/ecoterra-maquilishuat\/modelo-maquilishuat\/\" \/>\n<meta property=\"og:locale\" content=\"es_ES\" \/>\n<meta property=\"og:type\" content=\"article\" \/>\n<meta property=\"og:title\" content=\"Modelo Maquilishuat - Ecoterra Maquilishuat\" \/>\n<meta property=\"og:description\" content=\"Planta Arquitectonica \u00c1rea de terreno desde 33.80 m2 \u00c1rea de construcci\u00f3n114.00 m2 Caracter\u00edsticas Modelo de vivienda de 1 nivel Sala multifuncional Comedor Cocina Amplia habitaci\u00f3n\u00a0principal Habitaci\u00f3n junior Cochera para 2&hellip;\" \/>\n<meta property=\"og:url\" content=\"https:\/\/inversionesfenix.com.sv\/ecoterra-maquilishuat\/modelo-maquilishuat\/\" \/>\n<meta property=\"og:site_name\" content=\"Ecoterra Maquilishuat\" \/>\n<meta property=\"article:publisher\" content=\"https:\/\/www.facebook.com\/ecoterra\" \/>\n<meta property=\"article:modified_time\" content=\"2024-10-04T19:18:20+00:00\" \/>\n<meta property=\"og:image\" content=\"https:\/\/inversionesfenix.com.sv\/ecoterra-maquilishuat\/wp-content\/uploads\/2024\/07\/Slider1_Maquilishuat.jpg\" \/>\n<meta name=\"twitter:card\" content=\"summary_large_image\" \/>\n<meta name=\"twitter:label1\" content=\"Tiempo de lectura\" \/>\n\t<meta name=\"twitter:data1\" content=\"1 minuto\" \/>\n<script type=\"application\/ld+json\" class=\"yoast-schema-graph\">{\"@context\":\"https:\\\/\\\/schema.org\",\"@graph\":[{\"@type\":\"WebPage\",\"@id\":\"https:\\\/\\\/inversionesfenix.com.sv\\\/ecoterra-maquilishuat\\\/modelo-maquilishuat\\\/\",\"url\":\"https:\\\/\\\/inversionesfenix.com.sv\\\/ecoterra-maquilishuat\\\/modelo-maquilishuat\\\/\",\"name\":\"Modelo Maquilishuat - Ecoterra Maquilishuat\",\"isPartOf\":{\"@id\":\"https:\\\/\\\/inversionesfenix.com.sv\\\/ecoterra-maquilishuat\\\/#website\"},\"primaryImageOfPage\":{\"@id\":\"https:\\\/\\\/inversionesfenix.com.sv\\\/ecoterra-maquilishuat\\\/modelo-maquilishuat\\\/#primaryimage\"},\"image\":{\"@id\":\"https:\\\/\\\/inversionesfenix.com.sv\\\/ecoterra-maquilishuat\\\/modelo-maquilishuat\\\/#primaryimage\"},\"thumbnailUrl\":\"https:\\\/\\\/inversionesfenix.com.sv\\\/ecoterra-maquilishuat\\\/wp-content\\\/uploads\\\/2024\\\/07\\\/Slider1_Maquilishuat.jpg\",\"datePublished\":\"2019-07-24T06:44:29+00:00\",\"dateModified\":\"2024-10-04T19:18:20+00:00\",\"breadcrumb\":{\"@id\":\"https:\\\/\\\/inversionesfenix.com.sv\\\/ecoterra-maquilishuat\\\/modelo-maquilishuat\\\/#breadcrumb\"},\"inLanguage\":\"es\",\"potentialAction\":[{\"@type\":\"ReadAction\",\"target\":[\"https:\\\/\\\/inversionesfenix.com.sv\\\/ecoterra-maquilishuat\\\/modelo-maquilishuat\\\/\"]}]},{\"@type\":\"ImageObject\",\"inLanguage\":\"es\",\"@id\":\"https:\\\/\\\/inversionesfenix.com.sv\\\/ecoterra-maquilishuat\\\/modelo-maquilishuat\\\/#primaryimage\",\"url\":\"https:\\\/\\\/i0.wp.com\\\/inversionesfenix.com.sv\\\/ecoterra-maquilishuat\\\/wp-content\\\/uploads\\\/2024\\\/07\\\/Slider1_Maquilishuat.jpg?fit=1920%2C661&ssl=1\",\"contentUrl\":\"https:\\\/\\\/i0.wp.com\\\/inversionesfenix.com.sv\\\/ecoterra-maquilishuat\\\/wp-content\\\/uploads\\\/2024\\\/07\\\/Slider1_Maquilishuat.jpg?fit=1920%2C661&ssl=1\",\"width\":1920,\"height\":661},{\"@type\":\"BreadcrumbList\",\"@id\":\"https:\\\/\\\/inversionesfenix.com.sv\\\/ecoterra-maquilishuat\\\/modelo-maquilishuat\\\/#breadcrumb\",\"itemListElement\":[{\"@type\":\"ListItem\",\"position\":1,\"name\":\"Portada\",\"item\":\"https:\\\/\\\/inversionesfenix.com.sv\\\/ecoterra-maquilishuat\\\/\"},{\"@type\":\"ListItem\",\"position\":2,\"name\":\"Modelo Maquilishuat\"}]},{\"@type\":\"WebSite\",\"@id\":\"https:\\\/\\\/inversionesfenix.com.sv\\\/ecoterra-maquilishuat\\\/#website\",\"url\":\"https:\\\/\\\/inversionesfenix.com.sv\\\/ecoterra-maquilishuat\\\/\",\"name\":\"Ecoterra Maquilishuat\",\"description\":\"\u00a1Vive en Grande!\",\"publisher\":{\"@id\":\"https:\\\/\\\/inversionesfenix.com.sv\\\/ecoterra-maquilishuat\\\/#organization\"},\"potentialAction\":[{\"@type\":\"SearchAction\",\"target\":{\"@type\":\"EntryPoint\",\"urlTemplate\":\"https:\\\/\\\/inversionesfenix.com.sv\\\/ecoterra-maquilishuat\\\/?s={search_term_string}\"},\"query-input\":{\"@type\":\"PropertyValueSpecification\",\"valueRequired\":true,\"valueName\":\"search_term_string\"}}],\"inLanguage\":\"es\"},{\"@type\":\"Organization\",\"@id\":\"https:\\\/\\\/inversionesfenix.com.sv\\\/ecoterra-maquilishuat\\\/#organization\",\"name\":\"Ecoterra Maquilishuat\",\"url\":\"https:\\\/\\\/inversionesfenix.com.sv\\\/ecoterra-maquilishuat\\\/\",\"logo\":{\"@type\":\"ImageObject\",\"inLanguage\":\"es\",\"@id\":\"https:\\\/\\\/inversionesfenix.com.sv\\\/ecoterra-maquilishuat\\\/#\\\/schema\\\/logo\\\/image\\\/\",\"url\":\"https:\\\/\\\/inversionesfenix.com.sv\\\/ecoterra-maquilishuat\\\/wp-content\\\/uploads\\\/2022\\\/05\\\/banner.jpg\",\"contentUrl\":\"https:\\\/\\\/inversionesfenix.com.sv\\\/ecoterra-maquilishuat\\\/wp-content\\\/uploads\\\/2022\\\/05\\\/banner.jpg\",\"width\":1920,\"height\":1080,\"caption\":\"Ecoterra Maquilishuat\"},\"image\":{\"@id\":\"https:\\\/\\\/inversionesfenix.com.sv\\\/ecoterra-maquilishuat\\\/#\\\/schema\\\/logo\\\/image\\\/\"},\"sameAs\":[\"https:\\\/\\\/www.facebook.com\\\/ecoterra\"]}]}<\/script>\n<!-- \/ Yoast SEO plugin. -->","yoast_head_json":{"title":"Modelo Maquilishuat - Ecoterra Maquilishuat","robots":{"index":"index","follow":"follow","max-snippet":"max-snippet:-1","max-image-preview":"max-image-preview:large","max-video-preview":"max-video-preview:-1"},"canonical":"https:\/\/inversionesfenix.com.sv\/ecoterra-maquilishuat\/modelo-maquilishuat\/","og_locale":"es_ES","og_type":"article","og_title":"Modelo Maquilishuat - Ecoterra Maquilishuat","og_description":"Planta Arquitectonica \u00c1rea de terreno desde 33.80 m2 \u00c1rea de construcci\u00f3n114.00 m2 Caracter\u00edsticas Modelo de vivienda de 1 nivel Sala multifuncional Comedor Cocina Amplia habitaci\u00f3n\u00a0principal Habitaci\u00f3n junior Cochera para 2&hellip;","og_url":"https:\/\/inversionesfenix.com.sv\/ecoterra-maquilishuat\/modelo-maquilishuat\/","og_site_name":"Ecoterra Maquilishuat","article_publisher":"https:\/\/www.facebook.com\/ecoterra","article_modified_time":"2024-10-04T19:18:20+00:00","og_image":[{"url":"https:\/\/inversionesfenix.com.sv\/ecoterra-maquilishuat\/wp-content\/uploads\/2024\/07\/Slider1_Maquilishuat.jpg","type":"","width":"","height":""}],"twitter_card":"summary_large_image","twitter_misc":{"Tiempo de lectura":"1 minuto"},"schema":{"@context":"https:\/\/schema.org","@graph":[{"@type":"WebPage","@id":"https:\/\/inversionesfenix.com.sv\/ecoterra-maquilishuat\/modelo-maquilishuat\/","url":"https:\/\/inversionesfenix.com.sv\/ecoterra-maquilishuat\/modelo-maquilishuat\/","name":"Modelo Maquilishuat - Ecoterra Maquilishuat","isPartOf":{"@id":"https:\/\/inversionesfenix.com.sv\/ecoterra-maquilishuat\/#website"},"primaryImageOfPage":{"@id":"https:\/\/inversionesfenix.com.sv\/ecoterra-maquilishuat\/modelo-maquilishuat\/#primaryimage"},"image":{"@id":"https:\/\/inversionesfenix.com.sv\/ecoterra-maquilishuat\/modelo-maquilishuat\/#primaryimage"},"thumbnailUrl":"https:\/\/inversionesfenix.com.sv\/ecoterra-maquilishuat\/wp-content\/uploads\/2024\/07\/Slider1_Maquilishuat.jpg","datePublished":"2019-07-24T06:44:29+00:00","dateModified":"2024-10-04T19:18:20+00:00","breadcrumb":{"@id":"https:\/\/inversionesfenix.com.sv\/ecoterra-maquilishuat\/modelo-maquilishuat\/#breadcrumb"},"inLanguage":"es","potentialAction":[{"@type":"ReadAction","target":["https:\/\/inversionesfenix.com.sv\/ecoterra-maquilishuat\/modelo-maquilishuat\/"]}]},{"@type":"ImageObject","inLanguage":"es","@id":"https:\/\/inversionesfenix.com.sv\/ecoterra-maquilishuat\/modelo-maquilishuat\/#primaryimage","url":"https:\/\/i0.wp.com\/inversionesfenix.com.sv\/ecoterra-maquilishuat\/wp-content\/uploads\/2024\/07\/Slider1_Maquilishuat.jpg?fit=1920%2C661&ssl=1","contentUrl":"https:\/\/i0.wp.com\/inversionesfenix.com.sv\/ecoterra-maquilishuat\/wp-content\/uploads\/2024\/07\/Slider1_Maquilishuat.jpg?fit=1920%2C661&ssl=1","width":1920,"height":661},{"@type":"BreadcrumbList","@id":"https:\/\/inversionesfenix.com.sv\/ecoterra-maquilishuat\/modelo-maquilishuat\/#breadcrumb","itemListElement":[{"@type":"ListItem","position":1,"name":"Portada","item":"https:\/\/inversionesfenix.com.sv\/ecoterra-maquilishuat\/"},{"@type":"ListItem","position":2,"name":"Modelo Maquilishuat"}]},{"@type":"WebSite","@id":"https:\/\/inversionesfenix.com.sv\/ecoterra-maquilishuat\/#website","url":"https:\/\/inversionesfenix.com.sv\/ecoterra-maquilishuat\/","name":"Ecoterra Maquilishuat","description":"\u00a1Vive en Grande!","publisher":{"@id":"https:\/\/inversionesfenix.com.sv\/ecoterra-maquilishuat\/#organization"},"potentialAction":[{"@type":"SearchAction","target":{"@type":"EntryPoint","urlTemplate":"https:\/\/inversionesfenix.com.sv\/ecoterra-maquilishuat\/?s={search_term_string}"},"query-input":{"@type":"PropertyValueSpecification","valueRequired":true,"valueName":"search_term_string"}}],"inLanguage":"es"},{"@type":"Organization","@id":"https:\/\/inversionesfenix.com.sv\/ecoterra-maquilishuat\/#organization","name":"Ecoterra Maquilishuat","url":"https:\/\/inversionesfenix.com.sv\/ecoterra-maquilishuat\/","logo":{"@type":"ImageObject","inLanguage":"es","@id":"https:\/\/inversionesfenix.com.sv\/ecoterra-maquilishuat\/#\/schema\/logo\/image\/","url":"https:\/\/inversionesfenix.com.sv\/ecoterra-maquilishuat\/wp-content\/uploads\/2022\/05\/banner.jpg","contentUrl":"https:\/\/inversionesfenix.com.sv\/ecoterra-maquilishuat\/wp-content\/uploads\/2022\/05\/banner.jpg","width":1920,"height":1080,"caption":"Ecoterra Maquilishuat"},"image":{"@id":"https:\/\/inversionesfenix.com.sv\/ecoterra-maquilishuat\/#\/schema\/logo\/image\/"},"sameAs":["https:\/\/www.facebook.com\/ecoterra"]}]}},"jetpack_sharing_enabled":true,"_links":{"self":[{"href":"https:\/\/inversionesfenix.com.sv\/ecoterra-maquilishuat\/wp-json\/wp\/v2\/pages\/1077","targetHints":{"allow":["GET"]}}],"collection":[{"href":"https:\/\/inversionesfenix.com.sv\/ecoterra-maquilishuat\/wp-json\/wp\/v2\/pages"}],"about":[{"href":"https:\/\/inversionesfenix.com.sv\/ecoterra-maquilishuat\/wp-json\/wp\/v2\/types\/page"}],"author":[{"embeddable":true,"href":"https:\/\/inversionesfenix.com.sv\/ecoterra-maquilishuat\/wp-json\/wp\/v2\/users\/1"}],"replies":[{"embeddable":true,"href":"https:\/\/inversionesfenix.com.sv\/ecoterra-maquilishuat\/wp-json\/wp\/v2\/comments?post=1077"}],"version-history":[{"count":8,"href":"https:\/\/inversionesfenix.com.sv\/ecoterra-maquilishuat\/wp-json\/wp\/v2\/pages\/1077\/revisions"}],"predecessor-version":[{"id":2445,"href":"https:\/\/inversionesfenix.com.sv\/ecoterra-maquilishuat\/wp-json\/wp\/v2\/pages\/1077\/revisions\/2445"}],"wp:attachment":[{"href":"https:\/\/inversionesfenix.com.sv\/ecoterra-maquilishuat\/wp-json\/wp\/v2\/media?parent=1077"}],"curies":[{"name":"wp","href":"https:\/\/api.w.org\/{rel}","templated":true}]}}