{"id":1160,"date":"2019-07-24T00:44:29","date_gmt":"2019-07-24T06:44:29","guid":{"rendered":"https:\/\/inversionesfenix.com.sv\/ecoterra-maquilishuat\/?page_id=1160"},"modified":"2024-10-04T13:19:26","modified_gmt":"2024-10-04T19:19:26","slug":"modelo-jacarandas","status":"publish","type":"page","link":"https:\/\/inversionesfenix.com.sv\/ecoterra-maquilishuat\/modelo-jacarandas\/","title":{"rendered":"Modelo Jacarandas"},"content":{"rendered":"\t\t<div data-elementor-type=\"wp-page\" data-elementor-id=\"1160\" class=\"elementor elementor-1160\">\n\t\t\t\t<div class=\"elementor-element elementor-element-89121a6 e-con-full e-flex e-con e-parent\" data-id=\"89121a6\" data-element_type=\"container\" data-e-type=\"container\">\n\t\t\t\t<div class=\"elementor-element elementor-element-80825d5 elementor-widget elementor-widget-image\" data-id=\"80825d5\" data-element_type=\"widget\" data-e-type=\"widget\" data-widget_type=\"image.default\">\n\t\t\t\t<div class=\"elementor-widget-container\">\n\t\t\t\t\t\t\t\t\t\t\t\t\t\t\t<img fetchpriority=\"high\" decoding=\"async\" width=\"1920\" height=\"660\" src=\"https:\/\/i0.wp.com\/inversionesfenix.com.sv\/ecoterra-maquilishuat\/wp-content\/uploads\/2024\/07\/Slider1_Jacarandas-1.jpg?fit=1920%2C660&amp;ssl=1\" class=\"attachment-full size-full wp-image-1640\" alt=\"\" srcset=\"https:\/\/i0.wp.com\/inversionesfenix.com.sv\/ecoterra-maquilishuat\/wp-content\/uploads\/2024\/07\/Slider1_Jacarandas-1.jpg?w=1920&amp;ssl=1 1920w, https:\/\/i0.wp.com\/inversionesfenix.com.sv\/ecoterra-maquilishuat\/wp-content\/uploads\/2024\/07\/Slider1_Jacarandas-1.jpg?resize=300%2C103&amp;ssl=1 300w, https:\/\/i0.wp.com\/inversionesfenix.com.sv\/ecoterra-maquilishuat\/wp-content\/uploads\/2024\/07\/Slider1_Jacarandas-1.jpg?resize=1024%2C352&amp;ssl=1 1024w, https:\/\/i0.wp.com\/inversionesfenix.com.sv\/ecoterra-maquilishuat\/wp-content\/uploads\/2024\/07\/Slider1_Jacarandas-1.jpg?resize=768%2C264&amp;ssl=1 768w, https:\/\/i0.wp.com\/inversionesfenix.com.sv\/ecoterra-maquilishuat\/wp-content\/uploads\/2024\/07\/Slider1_Jacarandas-1.jpg?resize=1536%2C528&amp;ssl=1 1536w\" sizes=\"(max-width: 1100px) 100vw, 1100px\" \/>\t\t\t\t\t\t\t\t\t\t\t\t\t\t\t<\/div>\n\t\t\t\t<\/div>\n\t\t\t\t<\/div>\n\t\t<div class=\"elementor-element elementor-element-d2fb6fe e-con-full e-flex e-con e-parent\" data-id=\"d2fb6fe\" data-element_type=\"container\" data-e-type=\"container\" data-settings=\"{&quot;background_background&quot;:&quot;classic&quot;}\">\n\t\t\t\t<div class=\"elementor-element elementor-element-13d040d elementor-widget elementor-widget-heading\" data-id=\"13d040d\" data-element_type=\"widget\" data-e-type=\"widget\" data-widget_type=\"heading.default\">\n\t\t\t\t<div class=\"elementor-widget-container\">\n\t\t\t\t\t<h2 class=\"elementor-heading-title elementor-size-default\">Planta Arquitectonica<\/h2>\t\t\t\t<\/div>\n\t\t\t\t<\/div>\n\t\t\t\t<\/div>\n\t\t<div class=\"elementor-element elementor-element-affce53 e-con-full e-flex e-con e-parent\" data-id=\"affce53\" data-element_type=\"container\" data-e-type=\"container\">\n\t\t\t\t<\/div>\n\t\t<div class=\"elementor-element elementor-element-4228a7c e-grid e-con-boxed e-con e-parent\" data-id=\"4228a7c\" data-element_type=\"container\" data-e-type=\"container\" data-settings=\"{&quot;background_background&quot;:&quot;classic&quot;}\">\n\t\t\t\t\t<div class=\"e-con-inner\">\n\t\t\t\t<div class=\"elementor-element elementor-element-f3405c3 elementor-widget elementor-widget-heading\" data-id=\"f3405c3\" data-element_type=\"widget\" data-e-type=\"widget\" data-widget_type=\"heading.default\">\n\t\t\t\t<div class=\"elementor-widget-container\">\n\t\t\t\t\t<h2 class=\"elementor-heading-title elementor-size-default\">Primera Planta<\/h2>\t\t\t\t<\/div>\n\t\t\t\t<\/div>\n\t\t\t\t<div class=\"elementor-element elementor-element-ee9287a elementor-hidden-mobile elementor-widget elementor-widget-heading\" data-id=\"ee9287a\" data-element_type=\"widget\" data-e-type=\"widget\" data-widget_type=\"heading.default\">\n\t\t\t\t<div class=\"elementor-widget-container\">\n\t\t\t\t\t<h2 class=\"elementor-heading-title elementor-size-default\">Segunda Planta<\/h2>\t\t\t\t<\/div>\n\t\t\t\t<\/div>\n\t\t\t\t<div class=\"elementor-element elementor-element-efbb2cb elementor-widget elementor-widget-image\" data-id=\"efbb2cb\" data-element_type=\"widget\" data-e-type=\"widget\" data-widget_type=\"image.default\">\n\t\t\t\t<div class=\"elementor-widget-container\">\n\t\t\t\t\t\t\t\t\t\t\t\t\t\t\t<img decoding=\"async\" width=\"874\" height=\"303\" src=\"https:\/\/i0.wp.com\/inversionesfenix.com.sv\/ecoterra-maquilishuat\/wp-content\/uploads\/2024\/07\/Planta1_Jacarandas.jpg?fit=874%2C303&amp;ssl=1\" class=\"attachment-large size-large wp-image-1644\" alt=\"\" srcset=\"https:\/\/i0.wp.com\/inversionesfenix.com.sv\/ecoterra-maquilishuat\/wp-content\/uploads\/2024\/07\/Planta1_Jacarandas.jpg?w=874&amp;ssl=1 874w, https:\/\/i0.wp.com\/inversionesfenix.com.sv\/ecoterra-maquilishuat\/wp-content\/uploads\/2024\/07\/Planta1_Jacarandas.jpg?resize=300%2C104&amp;ssl=1 300w, https:\/\/i0.wp.com\/inversionesfenix.com.sv\/ecoterra-maquilishuat\/wp-content\/uploads\/2024\/07\/Planta1_Jacarandas.jpg?resize=768%2C266&amp;ssl=1 768w\" sizes=\"(max-width: 874px) 100vw, 874px\" \/>\t\t\t\t\t\t\t\t\t\t\t\t\t\t\t<\/div>\n\t\t\t\t<\/div>\n\t\t\t\t<div class=\"elementor-element elementor-element-0ebe526 elementor-hidden-desktop elementor-hidden-tablet elementor-widget elementor-widget-heading\" data-id=\"0ebe526\" data-element_type=\"widget\" data-e-type=\"widget\" data-widget_type=\"heading.default\">\n\t\t\t\t<div class=\"elementor-widget-container\">\n\t\t\t\t\t<h2 class=\"elementor-heading-title elementor-size-default\">Segunda Planta<\/h2>\t\t\t\t<\/div>\n\t\t\t\t<\/div>\n\t\t\t\t<div class=\"elementor-element elementor-element-8356de3 elementor-widget elementor-widget-image\" data-id=\"8356de3\" data-element_type=\"widget\" data-e-type=\"widget\" data-widget_type=\"image.default\">\n\t\t\t\t<div class=\"elementor-widget-container\">\n\t\t\t\t\t\t\t\t\t\t\t\t\t\t\t<img decoding=\"async\" width=\"874\" height=\"303\" src=\"https:\/\/i0.wp.com\/inversionesfenix.com.sv\/ecoterra-maquilishuat\/wp-content\/uploads\/2024\/07\/Planta2_Jacarandas.jpg?fit=874%2C303&amp;ssl=1\" class=\"attachment-large size-large wp-image-1645\" alt=\"\" srcset=\"https:\/\/i0.wp.com\/inversionesfenix.com.sv\/ecoterra-maquilishuat\/wp-content\/uploads\/2024\/07\/Planta2_Jacarandas.jpg?w=874&amp;ssl=1 874w, https:\/\/i0.wp.com\/inversionesfenix.com.sv\/ecoterra-maquilishuat\/wp-content\/uploads\/2024\/07\/Planta2_Jacarandas.jpg?resize=300%2C104&amp;ssl=1 300w, https:\/\/i0.wp.com\/inversionesfenix.com.sv\/ecoterra-maquilishuat\/wp-content\/uploads\/2024\/07\/Planta2_Jacarandas.jpg?resize=768%2C266&amp;ssl=1 768w\" sizes=\"(max-width: 874px) 100vw, 874px\" \/>\t\t\t\t\t\t\t\t\t\t\t\t\t\t\t<\/div>\n\t\t\t\t<\/div>\n\t\t\t\t\t<\/div>\n\t\t\t\t<\/div>\n\t\t<div class=\"elementor-element elementor-element-63ba476 e-flex e-con-boxed e-con e-parent\" data-id=\"63ba476\" data-element_type=\"container\" data-e-type=\"container\" data-settings=\"{&quot;background_background&quot;:&quot;classic&quot;}\">\n\t\t\t\t\t<div class=\"e-con-inner\">\n\t\t\t\t<div class=\"elementor-element elementor-element-3f74cf7 elementor-widget elementor-widget-text-editor\" data-id=\"3f74cf7\" data-element_type=\"widget\" data-e-type=\"widget\" data-widget_type=\"text-editor.default\">\n\t\t\t\t<div class=\"elementor-widget-container\">\n\t\t\t\t\t\t\t\t\t<p class=\"LC20lb MBeuO DKV0Md\">\u00c1rea de terreno desde 33.80 m2<br \/>\u00c1rea de construcci\u00f3n 114.00 m2<\/p>\t\t\t\t\t\t\t\t<\/div>\n\t\t\t\t<\/div>\n\t\t\t\t\t<\/div>\n\t\t\t\t<\/div>\n\t\t<div class=\"elementor-element elementor-element-5e58f96 e-con-full e-flex e-con e-parent\" data-id=\"5e58f96\" data-element_type=\"container\" data-e-type=\"container\" data-settings=\"{&quot;background_background&quot;:&quot;classic&quot;}\">\n\t\t\t\t<div class=\"elementor-element elementor-element-b8216c0 elementor-widget elementor-widget-heading\" data-id=\"b8216c0\" data-element_type=\"widget\" data-e-type=\"widget\" data-widget_type=\"heading.default\">\n\t\t\t\t<div class=\"elementor-widget-container\">\n\t\t\t\t\t<h2 class=\"elementor-heading-title elementor-size-default\">Caracter\u00edsticas<\/h2>\t\t\t\t<\/div>\n\t\t\t\t<\/div>\n\t\t\t\t<\/div>\n\t\t<div class=\"elementor-element elementor-element-c56f909 e-con-full e-flex e-con e-parent\" data-id=\"c56f909\" data-element_type=\"container\" data-e-type=\"container\" data-settings=\"{&quot;background_background&quot;:&quot;classic&quot;}\">\n\t\t\t\t<\/div>\n\t\t<div class=\"elementor-element elementor-element-dac418a e-con-full e-flex e-con e-parent\" data-id=\"dac418a\" data-element_type=\"container\" data-e-type=\"container\">\n\t\t<div class=\"elementor-element elementor-element-9522216 e-con-full e-flex e-con e-child\" data-id=\"9522216\" data-element_type=\"container\" data-e-type=\"container\" data-settings=\"{&quot;background_background&quot;:&quot;classic&quot;}\">\n\t\t\t\t<div class=\"elementor-element elementor-element-4064e61 elementor-widget elementor-widget-text-editor\" data-id=\"4064e61\" data-element_type=\"widget\" data-e-type=\"widget\" data-widget_type=\"text-editor.default\">\n\t\t\t\t<div class=\"elementor-widget-container\">\n\t\t\t\t\t\t\t\t\t<p>Primer Nivel:<\/p><ul><li>Moderna sala principal<\/li><li>Comedor con vista al jardin<\/li><li>Cocina independiente<\/li><li>Cochera techada para 2 Veh\u00edculos\u00a0<\/li><li>Espacio para equipamiento de oficios<\/li><li>Jardin interior<\/li><li>Ba\u00f1os social<\/li><\/ul><p>Segundo Nivel:<\/p><ul><li>Espaciosa master bedroom con ba\u00f1o<\/li><li>Dos amplias habitaciones junior<\/li><li>Acogedora sala principal<\/li><li>Ba\u00f1o compartido<\/li><\/ul>\t\t\t\t\t\t\t\t<\/div>\n\t\t\t\t<\/div>\n\t\t\t\t<\/div>\n\t\t\t\t<div class=\"elementor-element elementor-element-fcf62ab elementor-widget elementor-widget-image\" data-id=\"fcf62ab\" data-element_type=\"widget\" data-e-type=\"widget\" data-widget_type=\"image.default\">\n\t\t\t\t<div class=\"elementor-widget-container\">\n\t\t\t\t\t\t\t\t\t\t\t\t\t\t\t<img loading=\"lazy\" decoding=\"async\" width=\"964\" height=\"642\" src=\"https:\/\/i0.wp.com\/inversionesfenix.com.sv\/ecoterra-maquilishuat\/wp-content\/uploads\/2024\/07\/Foto1_Jacarandas.jpg?fit=964%2C642&amp;ssl=1\" class=\"attachment-large size-large wp-image-1649\" alt=\"\" srcset=\"https:\/\/i0.wp.com\/inversionesfenix.com.sv\/ecoterra-maquilishuat\/wp-content\/uploads\/2024\/07\/Foto1_Jacarandas.jpg?w=964&amp;ssl=1 964w, https:\/\/i0.wp.com\/inversionesfenix.com.sv\/ecoterra-maquilishuat\/wp-content\/uploads\/2024\/07\/Foto1_Jacarandas.jpg?resize=300%2C200&amp;ssl=1 300w, https:\/\/i0.wp.com\/inversionesfenix.com.sv\/ecoterra-maquilishuat\/wp-content\/uploads\/2024\/07\/Foto1_Jacarandas.jpg?resize=768%2C511&amp;ssl=1 768w\" sizes=\"(max-width: 964px) 100vw, 964px\" \/>\t\t\t\t\t\t\t\t\t\t\t\t\t\t\t<\/div>\n\t\t\t\t<\/div>\n\t\t\t\t<\/div>\n\t\t<div class=\"elementor-element elementor-element-a50559c e-flex e-con-boxed e-con e-parent\" data-id=\"a50559c\" data-element_type=\"container\" data-e-type=\"container\" data-settings=\"{&quot;background_background&quot;:&quot;classic&quot;}\">\n\t\t\t\t\t<div class=\"e-con-inner\">\n\t\t\t\t<div class=\"elementor-element elementor-element-7ed8317 elementor-widget elementor-widget-text-editor\" data-id=\"7ed8317\" data-element_type=\"widget\" data-e-type=\"widget\" data-widget_type=\"text-editor.default\">\n\t\t\t\t<div class=\"elementor-widget-container\">\n\t\t\t\t\t\t\t\t\t<p>Arquitectura contempor\u00e1nea en fachada<br \/>Cochera revestida con tecnolog\u00eda bicapa en adoqu\u00edn<br \/>Perfiler\u00eda\u00a0importada en ventanas de PVC en toda la vivienda<br \/>Puerta de vidrio hacia el jard\u00edn<br \/>Cielo falso importado<\/p>\t\t\t\t\t\t\t\t<\/div>\n\t\t\t\t<\/div>\n\t\t\t\t\t<\/div>\n\t\t\t\t<\/div>\n\t\t\t\t<\/div>\n\t\t","protected":false},"excerpt":{"rendered":"<p>Planta Arquitectonica Primera Planta Segunda Planta Segunda Planta \u00c1rea de terreno desde 33.80 m2\u00c1rea de construcci\u00f3n 114.00 m2 Caracter\u00edsticas Primer Nivel: Moderna sala principal Comedor con vista al jardin Cocina&hellip;<\/p>\n","protected":false},"author":1,"featured_media":0,"parent":0,"menu_order":0,"comment_status":"closed","ping_status":"closed","template":"elementor_header_footer","meta":{"nf_dc_page":"","_joinchat":[],"footnotes":""},"class_list":["post-1160","page","type-page","status-publish","hentry"],"yoast_head":"<!-- This site is optimized with the Yoast SEO plugin v27.4 - https:\/\/yoast.com\/product\/yoast-seo-wordpress\/ -->\n<title>Modelo Jacarandas - Ecoterra Maquilishuat<\/title>\n<meta name=\"robots\" content=\"index, follow, max-snippet:-1, max-image-preview:large, max-video-preview:-1\" \/>\n<link rel=\"canonical\" href=\"https:\/\/inversionesfenix.com.sv\/ecoterra-maquilishuat\/modelo-jacarandas\/\" \/>\n<meta property=\"og:locale\" content=\"es_ES\" \/>\n<meta property=\"og:type\" content=\"article\" \/>\n<meta property=\"og:title\" content=\"Modelo Jacarandas - Ecoterra Maquilishuat\" \/>\n<meta property=\"og:description\" content=\"Planta Arquitectonica Primera Planta Segunda Planta Segunda Planta \u00c1rea de terreno desde 33.80 m2\u00c1rea de construcci\u00f3n 114.00 m2 Caracter\u00edsticas Primer Nivel: Moderna sala principal Comedor con vista al jardin Cocina&hellip;\" \/>\n<meta property=\"og:url\" content=\"https:\/\/inversionesfenix.com.sv\/ecoterra-maquilishuat\/modelo-jacarandas\/\" \/>\n<meta property=\"og:site_name\" content=\"Ecoterra Maquilishuat\" \/>\n<meta property=\"article:publisher\" content=\"https:\/\/www.facebook.com\/ecoterra\" \/>\n<meta property=\"article:modified_time\" content=\"2024-10-04T19:19:26+00:00\" \/>\n<meta property=\"og:image\" content=\"https:\/\/inversionesfenix.com.sv\/ecoterra-maquilishuat\/wp-content\/uploads\/2024\/07\/Slider1_Jacarandas-1.jpg\" \/>\n<meta name=\"twitter:card\" content=\"summary_large_image\" \/>\n<meta name=\"twitter:label1\" content=\"Tiempo de lectura\" \/>\n\t<meta name=\"twitter:data1\" content=\"2 minutos\" \/>\n<script type=\"application\/ld+json\" class=\"yoast-schema-graph\">{\"@context\":\"https:\\\/\\\/schema.org\",\"@graph\":[{\"@type\":\"WebPage\",\"@id\":\"https:\\\/\\\/inversionesfenix.com.sv\\\/ecoterra-maquilishuat\\\/modelo-jacarandas\\\/\",\"url\":\"https:\\\/\\\/inversionesfenix.com.sv\\\/ecoterra-maquilishuat\\\/modelo-jacarandas\\\/\",\"name\":\"Modelo Jacarandas - Ecoterra Maquilishuat\",\"isPartOf\":{\"@id\":\"https:\\\/\\\/inversionesfenix.com.sv\\\/ecoterra-maquilishuat\\\/#website\"},\"primaryImageOfPage\":{\"@id\":\"https:\\\/\\\/inversionesfenix.com.sv\\\/ecoterra-maquilishuat\\\/modelo-jacarandas\\\/#primaryimage\"},\"image\":{\"@id\":\"https:\\\/\\\/inversionesfenix.com.sv\\\/ecoterra-maquilishuat\\\/modelo-jacarandas\\\/#primaryimage\"},\"thumbnailUrl\":\"https:\\\/\\\/inversionesfenix.com.sv\\\/ecoterra-maquilishuat\\\/wp-content\\\/uploads\\\/2024\\\/07\\\/Slider1_Jacarandas-1.jpg\",\"datePublished\":\"2019-07-24T06:44:29+00:00\",\"dateModified\":\"2024-10-04T19:19:26+00:00\",\"breadcrumb\":{\"@id\":\"https:\\\/\\\/inversionesfenix.com.sv\\\/ecoterra-maquilishuat\\\/modelo-jacarandas\\\/#breadcrumb\"},\"inLanguage\":\"es\",\"potentialAction\":[{\"@type\":\"ReadAction\",\"target\":[\"https:\\\/\\\/inversionesfenix.com.sv\\\/ecoterra-maquilishuat\\\/modelo-jacarandas\\\/\"]}]},{\"@type\":\"ImageObject\",\"inLanguage\":\"es\",\"@id\":\"https:\\\/\\\/inversionesfenix.com.sv\\\/ecoterra-maquilishuat\\\/modelo-jacarandas\\\/#primaryimage\",\"url\":\"https:\\\/\\\/i0.wp.com\\\/inversionesfenix.com.sv\\\/ecoterra-maquilishuat\\\/wp-content\\\/uploads\\\/2024\\\/07\\\/Slider1_Jacarandas-1.jpg?fit=1920%2C660&ssl=1\",\"contentUrl\":\"https:\\\/\\\/i0.wp.com\\\/inversionesfenix.com.sv\\\/ecoterra-maquilishuat\\\/wp-content\\\/uploads\\\/2024\\\/07\\\/Slider1_Jacarandas-1.jpg?fit=1920%2C660&ssl=1\",\"width\":1920,\"height\":660},{\"@type\":\"BreadcrumbList\",\"@id\":\"https:\\\/\\\/inversionesfenix.com.sv\\\/ecoterra-maquilishuat\\\/modelo-jacarandas\\\/#breadcrumb\",\"itemListElement\":[{\"@type\":\"ListItem\",\"position\":1,\"name\":\"Portada\",\"item\":\"https:\\\/\\\/inversionesfenix.com.sv\\\/ecoterra-maquilishuat\\\/\"},{\"@type\":\"ListItem\",\"position\":2,\"name\":\"Modelo Jacarandas\"}]},{\"@type\":\"WebSite\",\"@id\":\"https:\\\/\\\/inversionesfenix.com.sv\\\/ecoterra-maquilishuat\\\/#website\",\"url\":\"https:\\\/\\\/inversionesfenix.com.sv\\\/ecoterra-maquilishuat\\\/\",\"name\":\"Ecoterra Maquilishuat\",\"description\":\"\u00a1Vive en Grande!\",\"publisher\":{\"@id\":\"https:\\\/\\\/inversionesfenix.com.sv\\\/ecoterra-maquilishuat\\\/#organization\"},\"potentialAction\":[{\"@type\":\"SearchAction\",\"target\":{\"@type\":\"EntryPoint\",\"urlTemplate\":\"https:\\\/\\\/inversionesfenix.com.sv\\\/ecoterra-maquilishuat\\\/?s={search_term_string}\"},\"query-input\":{\"@type\":\"PropertyValueSpecification\",\"valueRequired\":true,\"valueName\":\"search_term_string\"}}],\"inLanguage\":\"es\"},{\"@type\":\"Organization\",\"@id\":\"https:\\\/\\\/inversionesfenix.com.sv\\\/ecoterra-maquilishuat\\\/#organization\",\"name\":\"Ecoterra Maquilishuat\",\"url\":\"https:\\\/\\\/inversionesfenix.com.sv\\\/ecoterra-maquilishuat\\\/\",\"logo\":{\"@type\":\"ImageObject\",\"inLanguage\":\"es\",\"@id\":\"https:\\\/\\\/inversionesfenix.com.sv\\\/ecoterra-maquilishuat\\\/#\\\/schema\\\/logo\\\/image\\\/\",\"url\":\"https:\\\/\\\/inversionesfenix.com.sv\\\/ecoterra-maquilishuat\\\/wp-content\\\/uploads\\\/2022\\\/05\\\/banner.jpg\",\"contentUrl\":\"https:\\\/\\\/inversionesfenix.com.sv\\\/ecoterra-maquilishuat\\\/wp-content\\\/uploads\\\/2022\\\/05\\\/banner.jpg\",\"width\":1920,\"height\":1080,\"caption\":\"Ecoterra Maquilishuat\"},\"image\":{\"@id\":\"https:\\\/\\\/inversionesfenix.com.sv\\\/ecoterra-maquilishuat\\\/#\\\/schema\\\/logo\\\/image\\\/\"},\"sameAs\":[\"https:\\\/\\\/www.facebook.com\\\/ecoterra\"]}]}<\/script>\n<!-- \/ Yoast SEO plugin. -->","yoast_head_json":{"title":"Modelo Jacarandas - Ecoterra Maquilishuat","robots":{"index":"index","follow":"follow","max-snippet":"max-snippet:-1","max-image-preview":"max-image-preview:large","max-video-preview":"max-video-preview:-1"},"canonical":"https:\/\/inversionesfenix.com.sv\/ecoterra-maquilishuat\/modelo-jacarandas\/","og_locale":"es_ES","og_type":"article","og_title":"Modelo Jacarandas - Ecoterra Maquilishuat","og_description":"Planta Arquitectonica Primera Planta Segunda Planta Segunda Planta \u00c1rea de terreno desde 33.80 m2\u00c1rea de construcci\u00f3n 114.00 m2 Caracter\u00edsticas Primer Nivel: Moderna sala principal Comedor con vista al jardin Cocina&hellip;","og_url":"https:\/\/inversionesfenix.com.sv\/ecoterra-maquilishuat\/modelo-jacarandas\/","og_site_name":"Ecoterra Maquilishuat","article_publisher":"https:\/\/www.facebook.com\/ecoterra","article_modified_time":"2024-10-04T19:19:26+00:00","og_image":[{"url":"https:\/\/inversionesfenix.com.sv\/ecoterra-maquilishuat\/wp-content\/uploads\/2024\/07\/Slider1_Jacarandas-1.jpg","type":"","width":"","height":""}],"twitter_card":"summary_large_image","twitter_misc":{"Tiempo de lectura":"2 minutos"},"schema":{"@context":"https:\/\/schema.org","@graph":[{"@type":"WebPage","@id":"https:\/\/inversionesfenix.com.sv\/ecoterra-maquilishuat\/modelo-jacarandas\/","url":"https:\/\/inversionesfenix.com.sv\/ecoterra-maquilishuat\/modelo-jacarandas\/","name":"Modelo Jacarandas - Ecoterra Maquilishuat","isPartOf":{"@id":"https:\/\/inversionesfenix.com.sv\/ecoterra-maquilishuat\/#website"},"primaryImageOfPage":{"@id":"https:\/\/inversionesfenix.com.sv\/ecoterra-maquilishuat\/modelo-jacarandas\/#primaryimage"},"image":{"@id":"https:\/\/inversionesfenix.com.sv\/ecoterra-maquilishuat\/modelo-jacarandas\/#primaryimage"},"thumbnailUrl":"https:\/\/inversionesfenix.com.sv\/ecoterra-maquilishuat\/wp-content\/uploads\/2024\/07\/Slider1_Jacarandas-1.jpg","datePublished":"2019-07-24T06:44:29+00:00","dateModified":"2024-10-04T19:19:26+00:00","breadcrumb":{"@id":"https:\/\/inversionesfenix.com.sv\/ecoterra-maquilishuat\/modelo-jacarandas\/#breadcrumb"},"inLanguage":"es","potentialAction":[{"@type":"ReadAction","target":["https:\/\/inversionesfenix.com.sv\/ecoterra-maquilishuat\/modelo-jacarandas\/"]}]},{"@type":"ImageObject","inLanguage":"es","@id":"https:\/\/inversionesfenix.com.sv\/ecoterra-maquilishuat\/modelo-jacarandas\/#primaryimage","url":"https:\/\/i0.wp.com\/inversionesfenix.com.sv\/ecoterra-maquilishuat\/wp-content\/uploads\/2024\/07\/Slider1_Jacarandas-1.jpg?fit=1920%2C660&ssl=1","contentUrl":"https:\/\/i0.wp.com\/inversionesfenix.com.sv\/ecoterra-maquilishuat\/wp-content\/uploads\/2024\/07\/Slider1_Jacarandas-1.jpg?fit=1920%2C660&ssl=1","width":1920,"height":660},{"@type":"BreadcrumbList","@id":"https:\/\/inversionesfenix.com.sv\/ecoterra-maquilishuat\/modelo-jacarandas\/#breadcrumb","itemListElement":[{"@type":"ListItem","position":1,"name":"Portada","item":"https:\/\/inversionesfenix.com.sv\/ecoterra-maquilishuat\/"},{"@type":"ListItem","position":2,"name":"Modelo Jacarandas"}]},{"@type":"WebSite","@id":"https:\/\/inversionesfenix.com.sv\/ecoterra-maquilishuat\/#website","url":"https:\/\/inversionesfenix.com.sv\/ecoterra-maquilishuat\/","name":"Ecoterra Maquilishuat","description":"\u00a1Vive en Grande!","publisher":{"@id":"https:\/\/inversionesfenix.com.sv\/ecoterra-maquilishuat\/#organization"},"potentialAction":[{"@type":"SearchAction","target":{"@type":"EntryPoint","urlTemplate":"https:\/\/inversionesfenix.com.sv\/ecoterra-maquilishuat\/?s={search_term_string}"},"query-input":{"@type":"PropertyValueSpecification","valueRequired":true,"valueName":"search_term_string"}}],"inLanguage":"es"},{"@type":"Organization","@id":"https:\/\/inversionesfenix.com.sv\/ecoterra-maquilishuat\/#organization","name":"Ecoterra Maquilishuat","url":"https:\/\/inversionesfenix.com.sv\/ecoterra-maquilishuat\/","logo":{"@type":"ImageObject","inLanguage":"es","@id":"https:\/\/inversionesfenix.com.sv\/ecoterra-maquilishuat\/#\/schema\/logo\/image\/","url":"https:\/\/inversionesfenix.com.sv\/ecoterra-maquilishuat\/wp-content\/uploads\/2022\/05\/banner.jpg","contentUrl":"https:\/\/inversionesfenix.com.sv\/ecoterra-maquilishuat\/wp-content\/uploads\/2022\/05\/banner.jpg","width":1920,"height":1080,"caption":"Ecoterra Maquilishuat"},"image":{"@id":"https:\/\/inversionesfenix.com.sv\/ecoterra-maquilishuat\/#\/schema\/logo\/image\/"},"sameAs":["https:\/\/www.facebook.com\/ecoterra"]}]}},"jetpack_sharing_enabled":true,"_links":{"self":[{"href":"https:\/\/inversionesfenix.com.sv\/ecoterra-maquilishuat\/wp-json\/wp\/v2\/pages\/1160","targetHints":{"allow":["GET"]}}],"collection":[{"href":"https:\/\/inversionesfenix.com.sv\/ecoterra-maquilishuat\/wp-json\/wp\/v2\/pages"}],"about":[{"href":"https:\/\/inversionesfenix.com.sv\/ecoterra-maquilishuat\/wp-json\/wp\/v2\/types\/page"}],"author":[{"embeddable":true,"href":"https:\/\/inversionesfenix.com.sv\/ecoterra-maquilishuat\/wp-json\/wp\/v2\/users\/1"}],"replies":[{"embeddable":true,"href":"https:\/\/inversionesfenix.com.sv\/ecoterra-maquilishuat\/wp-json\/wp\/v2\/comments?post=1160"}],"version-history":[{"count":8,"href":"https:\/\/inversionesfenix.com.sv\/ecoterra-maquilishuat\/wp-json\/wp\/v2\/pages\/1160\/revisions"}],"predecessor-version":[{"id":2448,"href":"https:\/\/inversionesfenix.com.sv\/ecoterra-maquilishuat\/wp-json\/wp\/v2\/pages\/1160\/revisions\/2448"}],"wp:attachment":[{"href":"https:\/\/inversionesfenix.com.sv\/ecoterra-maquilishuat\/wp-json\/wp\/v2\/media?parent=1160"}],"curies":[{"name":"wp","href":"https:\/\/api.w.org\/{rel}","templated":true}]}}