{"id":13,"date":"2023-07-20T14:24:36","date_gmt":"2023-07-20T14:24:36","guid":{"rendered":"https:\/\/inversionesfenix.com.sv\/haciendas-del-mediterraneo\/?page_id=13"},"modified":"2024-08-14T20:19:12","modified_gmt":"2024-08-14T20:19:12","slug":"modelo-tunez","status":"publish","type":"page","link":"https:\/\/inversionesfenix.com.sv\/haciendas-del-mediterraneo\/modelo-tunez\/","title":{"rendered":"Modelo T\u00fanez"},"content":{"rendered":"\t\t<div data-elementor-type=\"wp-page\" data-elementor-id=\"13\" class=\"elementor elementor-13\">\n\t\t\t\t\t\t<section class=\"elementor-section elementor-top-section elementor-element elementor-element-13ef97c elementor-section-full_width elementor-section-stretched elementor-section-height-default elementor-section-height-default\" data-id=\"13ef97c\" data-element_type=\"section\" data-settings=\"{&quot;stretch_section&quot;:&quot;section-stretched&quot;}\">\n\t\t\t\t\t\t<div class=\"elementor-container elementor-column-gap-default\">\n\t\t\t\t\t<div class=\"elementor-column elementor-col-100 elementor-top-column elementor-element elementor-element-bfa4d63\" data-id=\"bfa4d63\" data-element_type=\"column\">\n\t\t\t<div class=\"elementor-widget-wrap elementor-element-populated\">\n\t\t\t\t\t\t<div class=\"elementor-element elementor-element-c3ac779 elementor-widget elementor-widget-image\" data-id=\"c3ac779\" data-element_type=\"widget\" data-widget_type=\"image.default\">\n\t\t\t\t<div class=\"elementor-widget-container\">\n\t\t\t\t\t\t\t\t\t\t\t\t\t\t\t<img fetchpriority=\"high\" decoding=\"async\" width=\"1920\" height=\"713\" src=\"https:\/\/inversionesfenix.com.sv\/haciendas-del-mediterraneo\/wp-content\/uploads\/2024\/07\/Tunez_Banner.jpg\" class=\"attachment-full size-full wp-image-742\" alt=\"\" srcset=\"https:\/\/inversionesfenix.com.sv\/haciendas-del-mediterraneo\/wp-content\/uploads\/2024\/07\/Tunez_Banner.jpg 1920w, https:\/\/inversionesfenix.com.sv\/haciendas-del-mediterraneo\/wp-content\/uploads\/2024\/07\/Tunez_Banner-300x111.jpg 300w, https:\/\/inversionesfenix.com.sv\/haciendas-del-mediterraneo\/wp-content\/uploads\/2024\/07\/Tunez_Banner-1024x380.jpg 1024w, https:\/\/inversionesfenix.com.sv\/haciendas-del-mediterraneo\/wp-content\/uploads\/2024\/07\/Tunez_Banner-768x285.jpg 768w, https:\/\/inversionesfenix.com.sv\/haciendas-del-mediterraneo\/wp-content\/uploads\/2024\/07\/Tunez_Banner-1536x570.jpg 1536w\" sizes=\"(max-width: 1920px) 100vw, 1920px\" \/>\t\t\t\t\t\t\t\t\t\t\t\t\t\t\t<\/div>\n\t\t\t\t<\/div>\n\t\t\t\t\t<\/div>\n\t\t<\/div>\n\t\t\t\t\t<\/div>\n\t\t<\/section>\n\t\t\t\t<section class=\"elementor-section elementor-top-section elementor-element elementor-element-9058019 elementor-section-full_width elementor-section-height-default elementor-section-height-default\" data-id=\"9058019\" data-element_type=\"section\" data-settings=\"{&quot;background_background&quot;:&quot;classic&quot;}\">\n\t\t\t\t\t\t<div class=\"elementor-container elementor-column-gap-default\">\n\t\t\t\t\t<div class=\"elementor-column elementor-col-100 elementor-top-column elementor-element elementor-element-d0e6682\" data-id=\"d0e6682\" data-element_type=\"column\">\n\t\t\t<div class=\"elementor-widget-wrap elementor-element-populated\">\n\t\t\t\t\t\t<div class=\"elementor-element elementor-element-ef61c55 elementor-widget elementor-widget-text-editor\" data-id=\"ef61c55\" data-element_type=\"widget\" data-widget_type=\"text-editor.default\">\n\t\t\t\t<div class=\"elementor-widget-container\">\n\t\t\t\t\t\t\t\t\t<p>Planta arquitect\u00f3nica<\/p>\t\t\t\t\t\t\t\t<\/div>\n\t\t\t\t<\/div>\n\t\t\t\t\t<\/div>\n\t\t<\/div>\n\t\t\t\t\t<\/div>\n\t\t<\/section>\n\t\t\t\t<section class=\"elementor-section elementor-top-section elementor-element elementor-element-ef7da1b elementor-section-full_width elementor-section-stretched elementor-section-height-default elementor-section-height-default\" data-id=\"ef7da1b\" data-element_type=\"section\" data-settings=\"{&quot;stretch_section&quot;:&quot;section-stretched&quot;}\">\n\t\t\t\t\t\t<div class=\"elementor-container elementor-column-gap-default\">\n\t\t\t\t\t<div class=\"elementor-column elementor-col-100 elementor-top-column elementor-element elementor-element-45b118e\" data-id=\"45b118e\" data-element_type=\"column\">\n\t\t\t<div class=\"elementor-widget-wrap elementor-element-populated\">\n\t\t\t\t\t\t<div class=\"elementor-element elementor-element-be529a2 elementor-widget elementor-widget-image\" data-id=\"be529a2\" data-element_type=\"widget\" data-widget_type=\"image.default\">\n\t\t\t\t<div class=\"elementor-widget-container\">\n\t\t\t\t\t\t\t\t\t\t\t\t\t\t\t<img decoding=\"async\" width=\"1920\" height=\"680\" src=\"https:\/\/inversionesfenix.com.sv\/haciendas-del-mediterraneo\/wp-content\/uploads\/2024\/07\/Tunez_PlantaArq.jpg\" class=\"attachment-full size-full wp-image-746\" alt=\"\" srcset=\"https:\/\/inversionesfenix.com.sv\/haciendas-del-mediterraneo\/wp-content\/uploads\/2024\/07\/Tunez_PlantaArq.jpg 1920w, https:\/\/inversionesfenix.com.sv\/haciendas-del-mediterraneo\/wp-content\/uploads\/2024\/07\/Tunez_PlantaArq-300x106.jpg 300w, https:\/\/inversionesfenix.com.sv\/haciendas-del-mediterraneo\/wp-content\/uploads\/2024\/07\/Tunez_PlantaArq-1024x363.jpg 1024w, https:\/\/inversionesfenix.com.sv\/haciendas-del-mediterraneo\/wp-content\/uploads\/2024\/07\/Tunez_PlantaArq-768x272.jpg 768w, https:\/\/inversionesfenix.com.sv\/haciendas-del-mediterraneo\/wp-content\/uploads\/2024\/07\/Tunez_PlantaArq-1536x544.jpg 1536w\" sizes=\"(max-width: 1920px) 100vw, 1920px\" \/>\t\t\t\t\t\t\t\t\t\t\t\t\t\t\t<\/div>\n\t\t\t\t<\/div>\n\t\t\t\t\t<\/div>\n\t\t<\/div>\n\t\t\t\t\t<\/div>\n\t\t<\/section>\n\t\t\t\t<section class=\"elementor-section elementor-top-section elementor-element elementor-element-2310068 elementor-section-full_width elementor-section-stretched elementor-section-height-default elementor-section-height-default\" data-id=\"2310068\" data-element_type=\"section\" data-settings=\"{&quot;stretch_section&quot;:&quot;section-stretched&quot;}\">\n\t\t\t\t\t\t<div class=\"elementor-container elementor-column-gap-default\">\n\t\t\t\t\t<div class=\"elementor-column elementor-col-100 elementor-top-column elementor-element elementor-element-6e327e7\" data-id=\"6e327e7\" data-element_type=\"column\">\n\t\t\t<div class=\"elementor-widget-wrap elementor-element-populated\">\n\t\t\t\t\t\t<div class=\"elementor-element elementor-element-2f2aaec elementor-widget elementor-widget-image\" data-id=\"2f2aaec\" data-element_type=\"widget\" data-widget_type=\"image.default\">\n\t\t\t\t<div class=\"elementor-widget-container\">\n\t\t\t\t\t\t\t\t\t\t\t\t\t\t\t<img decoding=\"async\" width=\"1920\" height=\"680\" src=\"https:\/\/inversionesfenix.com.sv\/haciendas-del-mediterraneo\/wp-content\/uploads\/2024\/07\/Tunez_PlantaArq2.jpg\" class=\"attachment-full size-full wp-image-747\" alt=\"\" srcset=\"https:\/\/inversionesfenix.com.sv\/haciendas-del-mediterraneo\/wp-content\/uploads\/2024\/07\/Tunez_PlantaArq2.jpg 1920w, https:\/\/inversionesfenix.com.sv\/haciendas-del-mediterraneo\/wp-content\/uploads\/2024\/07\/Tunez_PlantaArq2-300x106.jpg 300w, https:\/\/inversionesfenix.com.sv\/haciendas-del-mediterraneo\/wp-content\/uploads\/2024\/07\/Tunez_PlantaArq2-1024x363.jpg 1024w, https:\/\/inversionesfenix.com.sv\/haciendas-del-mediterraneo\/wp-content\/uploads\/2024\/07\/Tunez_PlantaArq2-768x272.jpg 768w, https:\/\/inversionesfenix.com.sv\/haciendas-del-mediterraneo\/wp-content\/uploads\/2024\/07\/Tunez_PlantaArq2-1536x544.jpg 1536w\" sizes=\"(max-width: 1920px) 100vw, 1920px\" \/>\t\t\t\t\t\t\t\t\t\t\t\t\t\t\t<\/div>\n\t\t\t\t<\/div>\n\t\t\t\t\t<\/div>\n\t\t<\/div>\n\t\t\t\t\t<\/div>\n\t\t<\/section>\n\t\t\t\t<section class=\"elementor-section elementor-top-section elementor-element elementor-element-aa093af elementor-section-full_width elementor-section-height-default elementor-section-height-default\" data-id=\"aa093af\" data-element_type=\"section\" data-settings=\"{&quot;background_background&quot;:&quot;classic&quot;}\">\n\t\t\t\t\t\t<div class=\"elementor-container elementor-column-gap-default\">\n\t\t\t\t\t<div class=\"elementor-column elementor-col-33 elementor-top-column elementor-element elementor-element-5033e1e\" data-id=\"5033e1e\" data-element_type=\"column\">\n\t\t\t<div class=\"elementor-widget-wrap\">\n\t\t\t\t\t\t\t<\/div>\n\t\t<\/div>\n\t\t\t\t<div class=\"elementor-column elementor-col-66 elementor-top-column elementor-element elementor-element-0883c1e\" data-id=\"0883c1e\" data-element_type=\"column\">\n\t\t\t<div class=\"elementor-widget-wrap elementor-element-populated\">\n\t\t\t\t\t\t<div class=\"elementor-element elementor-element-9f4f118 elementor-widget__width-initial elementor-widget elementor-widget-image\" data-id=\"9f4f118\" data-element_type=\"widget\" data-widget_type=\"image.default\">\n\t\t\t\t<div class=\"elementor-widget-container\">\n\t\t\t\t\t\t\t\t\t\t\t\t\t\t\t<img loading=\"lazy\" decoding=\"async\" width=\"75\" height=\"76\" src=\"https:\/\/inversionesfenix.com.sv\/haciendas-del-mediterraneo\/wp-content\/uploads\/2024\/07\/Medidas_Icono.png\" class=\"attachment-full size-full wp-image-431\" alt=\"\" \/>\t\t\t\t\t\t\t\t\t\t\t\t\t\t\t<\/div>\n\t\t\t\t<\/div>\n\t\t\t\t<div class=\"elementor-element elementor-element-2afe697 elementor-widget__width-initial elementor-widget-mobile__width-initial elementor-widget-tablet__width-initial elementor-widget elementor-widget-text-editor\" data-id=\"2afe697\" data-element_type=\"widget\" data-widget_type=\"text-editor.default\">\n\t\t\t\t<div class=\"elementor-widget-container\">\n\t\t\t\t\t\t\t\t\t<p style=\"text-align: left;\"><span style=\"color: #ffffff; font-family: montserrat, BlinkMacSystemFont, 'Segoe UI', Roboto, 'Helvetica Neue', Arial, 'Noto Sans', 'Liberation Sans', sans-serif, 'Apple Color Emoji', 'Segoe UI Emoji', 'Segoe UI Symbol', 'Noto Color Emoji'; font-size: 20px;\">\u00a0\u00c1rea de terreno: 77.00 M<\/span><span style=\"position: relative; font-size: 15px; line-height: 0; vertical-align: baseline; top: -0.5em; color: #ffffff; font-family: -apple-system, BlinkMacSystemFont, 'Segoe UI', Roboto, 'Helvetica Neue', Arial, 'Noto Sans', 'Liberation Sans', sans-serif, 'Apple Color Emoji', 'Segoe UI Emoji', 'Segoe UI Symbol', 'Noto Color Emoji';\">2<\/span><span style=\"color: #ffffff; font-family: -apple-system, BlinkMacSystemFont, 'Segoe UI', Roboto, 'Helvetica Neue', Arial, 'Noto Sans', 'Liberation Sans', sans-serif, 'Apple Color Emoji', 'Segoe UI Emoji', 'Segoe UI Symbol', 'Noto Color Emoji'; font-size: 20px;\">\u00a0<\/span><span style=\"color: #ffffff; font-family: montserrat, BlinkMacSystemFont, 'Segoe UI', Roboto, 'Helvetica Neue', Arial, 'Noto Sans', 'Liberation Sans', sans-serif, 'Apple Color Emoji', 'Segoe UI Emoji', 'Segoe UI Symbol', 'Noto Color Emoji'; font-size: 20px;\"><br \/><span style=\"color: #ffffff;\"><span style=\"font-family: Montserrat, BlinkMacSystemFont, 'Segoe UI', Roboto, 'Helvetica Neue', Arial, 'Noto Sans', 'Liberation Sans', sans-serif, 'Apple Color Emoji', 'Segoe UI Emoji', 'Segoe UI Symbol', 'Noto Color Emoji'; font-size: 20px;\">\u00a0\u00c1rea total de construcci\u00f3n<\/span><\/span>: 114.00M<\/span><span style=\"position: relative; font-size: 15px; line-height: 0; vertical-align: baseline; top: -0.5em; color: #ffffff; font-family: -apple-system, BlinkMacSystemFont, 'Segoe UI', Roboto, 'Helvetica Neue', Arial, 'Noto Sans', 'Liberation Sans', sans-serif, 'Apple Color Emoji', 'Segoe UI Emoji', 'Segoe UI Symbol', 'Noto Color Emoji';\">2\u00a0<\/span><\/p>\t\t\t\t\t\t\t\t<\/div>\n\t\t\t\t<\/div>\n\t\t\t\t\t<\/div>\n\t\t<\/div>\n\t\t\t\t\t<\/div>\n\t\t<\/section>\n\t\t\t\t<section class=\"elementor-section elementor-top-section elementor-element elementor-element-f7638b3 elementor-section-full_width elementor-section-height-default elementor-section-height-default\" data-id=\"f7638b3\" data-element_type=\"section\" data-settings=\"{&quot;background_background&quot;:&quot;classic&quot;}\">\n\t\t\t\t\t\t<div class=\"elementor-container elementor-column-gap-default\">\n\t\t\t\t\t<div class=\"elementor-column elementor-col-100 elementor-top-column elementor-element elementor-element-0faaab7\" data-id=\"0faaab7\" data-element_type=\"column\">\n\t\t\t<div class=\"elementor-widget-wrap elementor-element-populated\">\n\t\t\t\t\t\t<div class=\"elementor-element elementor-element-93e42ed elementor-widget elementor-widget-text-editor\" data-id=\"93e42ed\" data-element_type=\"widget\" data-widget_type=\"text-editor.default\">\n\t\t\t\t<div class=\"elementor-widget-container\">\n\t\t\t\t\t\t\t\t\t<h1>Caracter\u00edsticas\u00a0<\/h1>\t\t\t\t\t\t\t\t<\/div>\n\t\t\t\t<\/div>\n\t\t\t\t\t<\/div>\n\t\t<\/div>\n\t\t\t\t\t<\/div>\n\t\t<\/section>\n\t\t\t\t<section class=\"elementor-section elementor-top-section elementor-element elementor-element-8ac5b3d elementor-section-full_width elementor-section-height-default elementor-section-height-default\" data-id=\"8ac5b3d\" data-element_type=\"section\">\n\t\t\t\t\t\t<div class=\"elementor-container elementor-column-gap-default\">\n\t\t\t\t\t<div class=\"elementor-column elementor-col-100 elementor-top-column elementor-element elementor-element-6e40bea\" data-id=\"6e40bea\" data-element_type=\"column\">\n\t\t\t<div class=\"elementor-widget-wrap elementor-element-populated\">\n\t\t\t\t\t\t<div class=\"elementor-element elementor-element-618857f elementor-pagination-position-inside elementor-arrows-position-inside elementor-widget elementor-widget-image-carousel\" data-id=\"618857f\" data-element_type=\"widget\" data-settings=\"{&quot;slides_to_show&quot;:&quot;1&quot;,&quot;navigation&quot;:&quot;both&quot;,&quot;autoplay&quot;:&quot;yes&quot;,&quot;pause_on_hover&quot;:&quot;yes&quot;,&quot;pause_on_interaction&quot;:&quot;yes&quot;,&quot;autoplay_speed&quot;:5000,&quot;infinite&quot;:&quot;yes&quot;,&quot;effect&quot;:&quot;slide&quot;,&quot;speed&quot;:500}\" data-widget_type=\"image-carousel.default\">\n\t\t\t\t<div class=\"elementor-widget-container\">\n\t\t\t\t\t\t\t<div class=\"elementor-image-carousel-wrapper swiper\" role=\"region\" aria-roledescription=\"carousel\" aria-label=\"Carrusel de im\u00e1genes\" dir=\"ltr\">\n\t\t\t<div class=\"elementor-image-carousel swiper-wrapper\" aria-live=\"off\">\n\t\t\t\t\t\t\t\t<div class=\"swiper-slide\" role=\"group\" aria-roledescription=\"slide\" aria-label=\"1 de 6\"><figure class=\"swiper-slide-inner\"><img decoding=\"async\" class=\"swiper-slide-image\" src=\"https:\/\/inversionesfenix.com.sv\/haciendas-del-mediterraneo\/wp-content\/uploads\/2024\/07\/Tunez_Slider1.jpg\" alt=\"Tunez_Slider1\" \/><\/figure><\/div><div class=\"swiper-slide\" role=\"group\" aria-roledescription=\"slide\" aria-label=\"2 de 6\"><figure class=\"swiper-slide-inner\"><img decoding=\"async\" class=\"swiper-slide-image\" src=\"https:\/\/inversionesfenix.com.sv\/haciendas-del-mediterraneo\/wp-content\/uploads\/2024\/07\/Tunez_Slider2.jpg\" alt=\"Tunez_Slider2\" \/><\/figure><\/div><div class=\"swiper-slide\" role=\"group\" aria-roledescription=\"slide\" aria-label=\"3 de 6\"><figure class=\"swiper-slide-inner\"><img decoding=\"async\" class=\"swiper-slide-image\" src=\"https:\/\/inversionesfenix.com.sv\/haciendas-del-mediterraneo\/wp-content\/uploads\/2024\/07\/Tunez_Slider3.jpg\" alt=\"Tunez_Slider3\" \/><\/figure><\/div><div class=\"swiper-slide\" role=\"group\" aria-roledescription=\"slide\" aria-label=\"4 de 6\"><figure class=\"swiper-slide-inner\"><img decoding=\"async\" class=\"swiper-slide-image\" src=\"https:\/\/inversionesfenix.com.sv\/haciendas-del-mediterraneo\/wp-content\/uploads\/2024\/07\/Tunez_Slider4.jpg\" alt=\"Tunez_Slider4\" \/><\/figure><\/div><div class=\"swiper-slide\" role=\"group\" aria-roledescription=\"slide\" aria-label=\"5 de 6\"><figure class=\"swiper-slide-inner\"><img decoding=\"async\" class=\"swiper-slide-image\" src=\"https:\/\/inversionesfenix.com.sv\/haciendas-del-mediterraneo\/wp-content\/uploads\/2024\/07\/Tunez_Slider5.jpg\" alt=\"Tunez_Slider5\" \/><\/figure><\/div><div class=\"swiper-slide\" role=\"group\" aria-roledescription=\"slide\" aria-label=\"6 de 6\"><figure class=\"swiper-slide-inner\"><img decoding=\"async\" class=\"swiper-slide-image\" src=\"https:\/\/inversionesfenix.com.sv\/haciendas-del-mediterraneo\/wp-content\/uploads\/2024\/07\/Tunez_Slider6.jpg\" alt=\"Tunez_Slider6\" \/><\/figure><\/div>\t\t\t<\/div>\n\t\t\t\t\t\t\t\t\t\t\t\t<div class=\"elementor-swiper-button elementor-swiper-button-prev\" role=\"button\" tabindex=\"0\">\n\t\t\t\t\t\t<i aria-hidden=\"true\" class=\"eicon-chevron-left\"><\/i>\t\t\t\t\t<\/div>\n\t\t\t\t\t<div class=\"elementor-swiper-button elementor-swiper-button-next\" role=\"button\" tabindex=\"0\">\n\t\t\t\t\t\t<i aria-hidden=\"true\" class=\"eicon-chevron-right\"><\/i>\t\t\t\t\t<\/div>\n\t\t\t\t\n\t\t\t\t\t\t\t\t\t<div class=\"swiper-pagination\"><\/div>\n\t\t\t\t\t\t\t\t\t<\/div>\n\t\t\t\t\t\t<\/div>\n\t\t\t\t<\/div>\n\t\t\t\t\t<\/div>\n\t\t<\/div>\n\t\t\t\t\t<\/div>\n\t\t<\/section>\n\t\t\t\t<section class=\"elementor-section elementor-top-section elementor-element elementor-element-db2d322 elementor-section-boxed elementor-section-height-default elementor-section-height-default\" data-id=\"db2d322\" data-element_type=\"section\">\n\t\t\t\t\t\t<div class=\"elementor-container elementor-column-gap-default\">\n\t\t\t\t\t<div class=\"elementor-column elementor-col-100 elementor-top-column elementor-element elementor-element-4e0892e\" data-id=\"4e0892e\" data-element_type=\"column\">\n\t\t\t<div class=\"elementor-widget-wrap elementor-element-populated\">\n\t\t\t\t\t\t<div class=\"elementor-element elementor-element-a6a9296 elementor-widget elementor-widget-heading\" data-id=\"a6a9296\" data-element_type=\"widget\" data-widget_type=\"heading.default\">\n\t\t\t\t<div class=\"elementor-widget-container\">\n\t\t\t\t\t<h2 class=\"elementor-heading-title elementor-size-default\">Modelo de vivienda en dos niveles.<\/h2>\t\t\t\t<\/div>\n\t\t\t\t<\/div>\n\t\t\t\t\t<\/div>\n\t\t<\/div>\n\t\t\t\t\t<\/div>\n\t\t<\/section>\n\t\t\t\t<section class=\"elementor-section elementor-top-section elementor-element elementor-element-57bbe5e elementor-section-boxed elementor-section-height-default elementor-section-height-default\" data-id=\"57bbe5e\" data-element_type=\"section\">\n\t\t\t\t\t\t<div class=\"elementor-container elementor-column-gap-default\">\n\t\t\t\t\t<div class=\"elementor-column elementor-col-50 elementor-top-column elementor-element elementor-element-9906b59\" data-id=\"9906b59\" data-element_type=\"column\">\n\t\t\t<div class=\"elementor-widget-wrap elementor-element-populated\">\n\t\t\t\t\t\t<div class=\"elementor-element elementor-element-a5f2fd2 elementor-widget elementor-widget-text-editor\" data-id=\"a5f2fd2\" data-element_type=\"widget\" data-widget_type=\"text-editor.default\">\n\t\t\t\t<div class=\"elementor-widget-container\">\n\t\t\t\t\t\t\t\t\t<p><strong>Primer Nivel:<\/strong><\/p><p>Moderna sala principal, comedor con espectacular vista al jard\u00edn y cocina independiente.<\/p><p>Cochera techada para dos veh\u00edculos.<\/p><p>Espacio para equipamiento de oficios.<\/p><p>jard\u00edn\u00a0 interior para recreaci\u00f3n\u00a0o futuras ampliaciones.<\/p><p>Ba\u00f1o social.<\/p>\t\t\t\t\t\t\t\t<\/div>\n\t\t\t\t<\/div>\n\t\t\t\t\t<\/div>\n\t\t<\/div>\n\t\t\t\t<div class=\"elementor-column elementor-col-50 elementor-top-column elementor-element elementor-element-2e743d4\" data-id=\"2e743d4\" data-element_type=\"column\">\n\t\t\t<div class=\"elementor-widget-wrap elementor-element-populated\">\n\t\t\t\t\t\t<div class=\"elementor-element elementor-element-3963277 elementor-widget elementor-widget-text-editor\" data-id=\"3963277\" data-element_type=\"widget\" data-widget_type=\"text-editor.default\">\n\t\t\t\t<div class=\"elementor-widget-container\">\n\t\t\t\t\t\t\t\t\t<p><strong>Segundo Nivel:\u00a0<\/strong><\/p><p>Espaciosa master bedroom con ba\u00f1o.<\/p><p>Dos amplias habitaciones junior.<\/p><p>Acogedora sala principal y ba\u00f1o compartido.<\/p>\t\t\t\t\t\t\t\t<\/div>\n\t\t\t\t<\/div>\n\t\t\t\t\t<\/div>\n\t\t<\/div>\n\t\t\t\t\t<\/div>\n\t\t<\/section>\n\t\t\t\t<section class=\"elementor-section elementor-top-section elementor-element elementor-element-01cff5d elementor-section-boxed elementor-section-height-default elementor-section-height-default\" data-id=\"01cff5d\" data-element_type=\"section\" data-settings=\"{&quot;background_background&quot;:&quot;classic&quot;}\">\n\t\t\t\t\t\t<div class=\"elementor-container elementor-column-gap-default\">\n\t\t\t\t\t<div class=\"elementor-column elementor-col-100 elementor-top-column elementor-element elementor-element-1406676\" data-id=\"1406676\" data-element_type=\"column\">\n\t\t\t<div class=\"elementor-widget-wrap elementor-element-populated\">\n\t\t\t\t\t\t<div class=\"elementor-element elementor-element-1f7e1c1 elementor-widget elementor-widget-text-editor\" data-id=\"1f7e1c1\" data-element_type=\"widget\" data-widget_type=\"text-editor.default\">\n\t\t\t\t<div class=\"elementor-widget-container\">\n\t\t\t\t\t\t\t\t\t<h1><strong>Detalles Arquitect\u00f3nicos:<\/strong><\/h1><p>Arquitectura contempor\u00e1nea en fachada.<\/p><p>Cochera revestida con tecnolog\u00eda bicapa en adoqu\u00edn.<\/p><p class=\"lexema_title\">Perfiler\u00eda importada en ventanas de PVC en toda la vivienda.<\/p><p>Puerta de vidrio hacia el jard\u00edn\u00a0.<\/p><p>Cielo falso importado.<\/p>\t\t\t\t\t\t\t\t<\/div>\n\t\t\t\t<\/div>\n\t\t\t\t\t<\/div>\n\t\t<\/div>\n\t\t\t\t\t<\/div>\n\t\t<\/section>\n\t\t\t\t<\/div>\n\t\t","protected":false},"excerpt":{"rendered":"<p>Planta arquitect\u00f3nica \u00a0\u00c1rea de terreno: 77.00 M2\u00a0\u00a0\u00c1rea total de construcci\u00f3n: 114.00M2\u00a0 Caracter\u00edsticas\u00a0 Modelo de vivienda en dos niveles. Primer Nivel: Moderna sala principal, comedor con espectacular vista al jard\u00edn y cocina independiente. Cochera techada para dos veh\u00edculos. Espacio para equipamiento de oficios. jard\u00edn\u00a0 interior para recreaci\u00f3n\u00a0o futuras ampliaciones. Ba\u00f1o social. Segundo Nivel:\u00a0 Espaciosa master bedroom [&hellip;]<\/p>\n","protected":false},"author":1,"featured_media":0,"parent":0,"menu_order":0,"comment_status":"closed","ping_status":"closed","template":"","meta":{"_joinchat":[],"footnotes":""},"class_list":["post-13","page","type-page","status-publish","hentry"],"_links":{"self":[{"href":"https:\/\/inversionesfenix.com.sv\/haciendas-del-mediterraneo\/wp-json\/wp\/v2\/pages\/13","targetHints":{"allow":["GET"]}}],"collection":[{"href":"https:\/\/inversionesfenix.com.sv\/haciendas-del-mediterraneo\/wp-json\/wp\/v2\/pages"}],"about":[{"href":"https:\/\/inversionesfenix.com.sv\/haciendas-del-mediterraneo\/wp-json\/wp\/v2\/types\/page"}],"author":[{"embeddable":true,"href":"https:\/\/inversionesfenix.com.sv\/haciendas-del-mediterraneo\/wp-json\/wp\/v2\/users\/1"}],"replies":[{"embeddable":true,"href":"https:\/\/inversionesfenix.com.sv\/haciendas-del-mediterraneo\/wp-json\/wp\/v2\/comments?post=13"}],"version-history":[{"count":20,"href":"https:\/\/inversionesfenix.com.sv\/haciendas-del-mediterraneo\/wp-json\/wp\/v2\/pages\/13\/revisions"}],"predecessor-version":[{"id":1061,"href":"https:\/\/inversionesfenix.com.sv\/haciendas-del-mediterraneo\/wp-json\/wp\/v2\/pages\/13\/revisions\/1061"}],"wp:attachment":[{"href":"https:\/\/inversionesfenix.com.sv\/haciendas-del-mediterraneo\/wp-json\/wp\/v2\/media?parent=13"}],"curies":[{"name":"wp","href":"https:\/\/api.w.org\/{rel}","templated":true}]}}